{"id":1435,"date":"2018-08-09T12:16:18","date_gmt":"2018-08-09T10:16:18","guid":{"rendered":"https:\/\/flodelmundo.svaomega.com\/?page_id=1435"},"modified":"2025-12-23T05:32:45","modified_gmt":"2025-12-23T04:32:45","slug":"video","status":"publish","type":"page","link":"https:\/\/flodelmundo.svaomega.com\/?page_id=1435","title":{"rendered":"Video"},"content":{"rendered":"<div class=\"wpb-content-wrapper\">[vc_row css=&#8221;.vc_custom_1550420196463{margin-right: 5px !important;margin-left: 5px !important;}&#8221;][vc_column][vc_column_text]\n<h1 style=\"text-align: center;\">Unsere Showbarkeeper im Video<\/h1>\n[\/vc_column_text][\/vc_column][\/vc_row][vc_row css=&#8221;.vc_custom_1550420204786{margin-right: 5px !important;margin-left: 5px !important;}&#8221;][vc_column][vc_column_text]Die Showbarkeeper von <em>FLAIRLAB<\/em> verwandeln ein normales Getr\u00e4nke- und Cocktailcatering in eine spektakul\u00e4re <strong>Show, die Ihren G\u00e4sten noch lange in Erinnerung bleiben<\/strong> wird. Neben dem Servieren von Cocktails wie z.B. &#8220;Mojito&#8221; und &#8220;Caipirinha&#8221; betten wir unseren Service in eine gro\u00dfartige Show ein.<\/p>\n<p>Neben den Flaschen werden bei uns auch <strong>Eisw\u00fcrfel und Shaker durch die Luft gewirbelt<\/strong>. In den folgenden Videos k\u00f6nnen Sie sich einen \u00dcberblick \u00fcber unsere Kunstst\u00fccke und Showeinlagen machen:[\/vc_column_text][\/vc_column][\/vc_row][vc_row css=&#8221;.vc_custom_1550420213898{margin-right: 5px !important;margin-left: 5px !important;}&#8221;][vc_column width=&#8221;1\/3&#8243;][vc_video link=&#8221;https:\/\/youtu.be\/CobzzhUvNDs&#8221;][\/vc_column][vc_column width=&#8221;1\/3&#8243;][vc_video link=&#8221;https:\/\/www.youtube.com\/watch?v=CqZNAojIU1s&#8221;][\/vc_column][vc_column width=&#8221;1\/3&#8243;][vc_video link=&#8221;https:\/\/www.youtube.com\/watch?v=HV7tG4CpYxw&#8221; css=&#8221;&#8221;][\/vc_column][\/vc_row][vc_row css=&#8221;.vc_custom_1550420220389{margin-right: 5px !important;margin-left: 5px !important;}&#8221;][vc_column width=&#8221;1\/3&#8243;][vc_video link=&#8221;https:\/\/www.youtube.com\/watch?v=jby2nET9aCc&#8221; css=&#8221;&#8221;][\/vc_column][vc_column width=&#8221;1\/3&#8243;][vc_video link=&#8221;https:\/\/www.youtube.com\/watch?v=ltEfAviCXEk&#8221;][\/vc_column][vc_column width=&#8221;1\/3&#8243;][vc_video link=&#8221;https:\/\/www.youtube.com\/watch?v=bIVXKE9z4yw&#8221;][\/vc_column][\/vc_row][vc_row css=&#8221;.vc_custom_1550420227974{margin-right: 5px !important;margin-left: 5px !important;}&#8221;][vc_column width=&#8221;1\/3&#8243;][vc_video link=&#8221;https:\/\/www.youtube.com\/watch?v=RUfKFqu8vHE&#8221; css=&#8221;&#8221;][\/vc_column][vc_column width=&#8221;1\/3&#8243;][vc_video link=&#8221;https:\/\/youtu.be\/OAvqoDkDxWg&#8221; css=&#8221;&#8221;][\/vc_column][vc_column width=&#8221;1\/3&#8243;][vc_video link=&#8221;https:\/\/www.youtube.com\/watch?v=UyqiHFjnr-o&#8221;][\/vc_column][\/vc_row][vc_row][vc_column][vc_separator][vc_column_text]\n<h2 style=\"text-align: center;\">Haben Sie unsere Videos \u00fcberzeugt?<\/h2>\n[\/vc_column_text][vc_raw_html]JTNDZGl2JTIwc3R5bGUlM0QlMjJtYXJnaW4lM0ElMjAwJTIwYXV0byUzQiUyMHRleHQtYWxpZ24lM0ElMjBjZW50ZXIlMjIlM0UlMEElM0NhJTIwaHJlZiUzRCUyMiUyRmtvbnRha3QtenVtLWZsYWlybGFiLXRlYW0lMkYlMjIlM0UlM0NidXR0b24lMjBzdHlsZSUzRCUyMmJhY2tncm91bmQtY29sb3IlM0ElMjAlMjMwQUJFRTklM0IlMjB0ZXh0LWFsaWduJTNBJTIwY2VudGVyJTNCJTIwY29sb3IlM0ElMjB3aGl0ZSUzQiUyMGJvcmRlciUzQSUyMG5vbmUlM0IlMjBib3JkZXItcmFkaXVzJTNBJTIwNnB4JTNCJTIwcGFkZGluZyUzQSUyMDE1cHglM0IlMjBib3gtc2hhZG93JTNBJTIwMCUyMDNweCUyMDhweCUyMDAlMjByZ2JhJTI4MCUyQzAlMkMwJTJDMC4yJTI5JTJDJTIwMCUyMDFweCUyMDkwMHB4JTIwMCUyMHJnYmElMjgwJTJDMCUyQzAlMkMwLjE5JTI5JTNCJTIyJTNFJTBBJTIwJTIwJTNDc3BhbiUyMHN0eWxlJTNEJTIyZm9udC1zaXplJTNBJTIwMjJweCUzQiUyMiUzRSUyNiUyMzE4NyUzQiUyMEpFVFpUJTIwdW52ZXJiaW5kbGljaGUlMjBBbmZyYWdlJTIwc3RlbGxlbiUyMSUzQyUyRnNwYW4lM0UlMEElM0MlMkZidXR0b24lM0UlM0MlMkZhJTNFJTNDJTJGZGl2JTNF[\/vc_raw_html][\/vc_column][\/vc_row]\n<\/div>","protected":false},"excerpt":{"rendered":"<p>[vc_row css=&#8221;.vc_custom_1550420196463{margin-right: 5px !important;margin-left: 5px !important;}&#8221;][vc_column][vc_column_text] Unsere Showbarkeeper im Video [\/vc_column_text][\/vc_column][\/vc_row][vc_row css=&#8221;.vc_custom_1550420204786{margin-right: 5px !important;margin-left: 5px !important;}&#8221;][vc_column][vc_column_text]Die Showbarkeeper von FLAIRLAB verwandeln ein normales Getr\u00e4nke- und Cocktailcatering in eine spektakul\u00e4re Show, die Ihren G\u00e4sten noch lange in Erinnerung bleiben wird. Neben dem Servieren von Cocktails wie z.B. &#8220;Mojito&#8221; und &#8220;Caipirinha&#8221; betten wir unseren Service in eine gro\u00dfartige [&hellip;]<\/p>\n","protected":false},"author":3,"featured_media":1268,"parent":0,"menu_order":0,"comment_status":"closed","ping_status":"closed","template":"","meta":{"content-type":"","footnotes":""},"class_list":["post-1435","page","type-page","status-publish","has-post-thumbnail","hentry"],"yoast_head":"<!-- This site is optimized with the Yoast SEO Premium plugin v27.0 (Yoast SEO v27.1.1) - https:\/\/yoast.com\/product\/yoast-seo-premium-wordpress\/ -->\n<title>Showbarkeeper im Video \u00bb Flair Bartending | FLAIRLAB<\/title>\n<meta name=\"description\" content=\"Showbarkeeper Videos \u1405 Showeinlagen \u2713 Flair Bartending \u2713 spezielle Tricks der Profis vom FLAIRLAB Team | JETZT Videos anschauen und begeistern lassen!\" \/>\n<meta name=\"robots\" content=\"index, follow, max-snippet:-1, max-image-preview:large, max-video-preview:-1\" \/>\n<link rel=\"canonical\" href=\"https:\/\/flodelmundo.svaomega.com\/?page_id=1435\" \/>\n<meta property=\"og:locale\" content=\"en_US\" \/>\n<meta property=\"og:type\" content=\"article\" \/>\n<meta property=\"og:title\" content=\"Flairlab Video - Videos sagen mehr als Bilder !\" \/>\n<meta property=\"og:description\" content=\"Flairlab Video - Videos sagen mehr als Bilder ! Click dich rein und schau Dir beeindruckende Videos vom Flairlab Showteam an.\" \/>\n<meta property=\"og:url\" content=\"https:\/\/flodelmundo.svaomega.com\/?page_id=1435\" \/>\n<meta property=\"og:site_name\" content=\"FLAIRLAB\" \/>\n<meta property=\"article:publisher\" content=\"https:\/\/m.facebook.com\/flairlab\" \/>\n<meta property=\"article:modified_time\" content=\"2025-12-23T04:32:45+00:00\" \/>\n<meta property=\"og:image\" content=\"https:\/\/flodelmundo.svaomega.com\/wp-content\/uploads\/2018\/05\/FormatFactoryFLAIRLAB-Becher-Turm.jpg\" \/>\n\t<meta property=\"og:image:width\" content=\"541\" \/>\n\t<meta property=\"og:image:height\" content=\"768\" \/>\n\t<meta property=\"og:image:type\" content=\"image\/jpeg\" \/>\n<meta name=\"twitter:card\" content=\"summary_large_image\" \/>\n<meta name=\"twitter:title\" content=\"Flairlab Video - Videos sagen mehr als Bilder !\" \/>\n<meta name=\"twitter:description\" content=\"Flairlab Video - Videos sagen mehr als Bilder ! Click dich rein und schau Dir beeindruckende Videos vom Flairlab Showteam an.\" \/>\n<meta name=\"twitter:image\" content=\"https:\/\/flodelmundo.svaomega.com\/wp-content\/uploads\/2018\/05\/FormatFactoryFLAIRLAB-Becher-Turm.jpg\" \/>\n<meta name=\"twitter:label1\" content=\"Est. reading time\" \/>\n\t<meta name=\"twitter:data1\" content=\"1 minute\" \/>\n<script type=\"application\/ld+json\" class=\"yoast-schema-graph\">{\"@context\":\"https:\/\/schema.org\",\"@graph\":[{\"@type\":\"WebPage\",\"@id\":\"https:\/\/flodelmundo.svaomega.com\/?page_id=1435\",\"url\":\"https:\/\/flodelmundo.svaomega.com\/?page_id=1435\",\"name\":\"Showbarkeeper im Video \u00bb Flair Bartending | FLAIRLAB\",\"isPartOf\":{\"@id\":\"https:\/\/flodelmundo.svaomega.com\/#website\"},\"primaryImageOfPage\":{\"@id\":\"https:\/\/flodelmundo.svaomega.com\/?page_id=1435#primaryimage\"},\"image\":{\"@id\":\"https:\/\/flodelmundo.svaomega.com\/?page_id=1435#primaryimage\"},\"thumbnailUrl\":\"https:\/\/flodelmundo.svaomega.com\/wp-content\/uploads\/2018\/05\/FormatFactoryFLAIRLAB-Becher-Turm.jpg\",\"datePublished\":\"2018-08-09T10:16:18+00:00\",\"dateModified\":\"2025-12-23T04:32:45+00:00\",\"description\":\"Showbarkeeper Videos \u1405 Showeinlagen \u2713 Flair Bartending \u2713 spezielle Tricks der Profis vom FLAIRLAB Team | JETZT Videos anschauen und begeistern lassen!\",\"breadcrumb\":{\"@id\":\"https:\/\/flodelmundo.svaomega.com\/?page_id=1435#breadcrumb\"},\"inLanguage\":\"en-US\",\"potentialAction\":[{\"@type\":\"ReadAction\",\"target\":[\"https:\/\/flodelmundo.svaomega.com\/?page_id=1435\"]}]},{\"@type\":\"ImageObject\",\"inLanguage\":\"en-US\",\"@id\":\"https:\/\/flodelmundo.svaomega.com\/?page_id=1435#primaryimage\",\"url\":\"https:\/\/flodelmundo.svaomega.com\/wp-content\/uploads\/2018\/05\/FormatFactoryFLAIRLAB-Becher-Turm.jpg\",\"contentUrl\":\"https:\/\/flodelmundo.svaomega.com\/wp-content\/uploads\/2018\/05\/FormatFactoryFLAIRLAB-Becher-Turm.jpg\",\"width\":541,\"height\":768,\"caption\":\"Flairlab Video - Videos sagen mehr als Bilder ! Click dich rein und schau Dir beeindruckende Videos vom Flairlab Showteam an.\"},{\"@type\":\"BreadcrumbList\",\"@id\":\"https:\/\/flodelmundo.svaomega.com\/?page_id=1435#breadcrumb\",\"itemListElement\":[{\"@type\":\"ListItem\",\"position\":1,\"name\":\"Startseite\",\"item\":\"https:\/\/flodelmundo.svaomega.com\/\"},{\"@type\":\"ListItem\",\"position\":2,\"name\":\"Video\"}]},{\"@type\":\"WebSite\",\"@id\":\"https:\/\/flodelmundo.svaomega.com\/#website\",\"url\":\"https:\/\/flodelmundo.svaomega.com\/\",\"name\":\"FLAIRLAB\",\"description\":\"Cocktailshows &amp; Barcatering Berlin\",\"publisher\":{\"@id\":\"https:\/\/flodelmundo.svaomega.com\/#organization\"},\"potentialAction\":[{\"@type\":\"SearchAction\",\"target\":{\"@type\":\"EntryPoint\",\"urlTemplate\":\"https:\/\/flodelmundo.svaomega.com\/?s={search_term_string}\"},\"query-input\":{\"@type\":\"PropertyValueSpecification\",\"valueRequired\":true,\"valueName\":\"search_term_string\"}}],\"inLanguage\":\"en-US\"},{\"@type\":\"Organization\",\"@id\":\"https:\/\/flodelmundo.svaomega.com\/#organization\",\"name\":\"FLAIRLAB\",\"url\":\"https:\/\/flodelmundo.svaomega.com\/\",\"logo\":{\"@type\":\"ImageObject\",\"inLanguage\":\"en-US\",\"@id\":\"https:\/\/flodelmundo.svaomega.com\/#\/schema\/logo\/image\/\",\"url\":\"https:\/\/flodelmundo.svaomega.com\/wp-content\/uploads\/2018\/02\/flairlab_logo_footer.png\",\"contentUrl\":\"https:\/\/flodelmundo.svaomega.com\/wp-content\/uploads\/2018\/02\/flairlab_logo_footer.png\",\"width\":140,\"height\":94,\"caption\":\"FLAIRLAB\"},\"image\":{\"@id\":\"https:\/\/flodelmundo.svaomega.com\/#\/schema\/logo\/image\/\"},\"sameAs\":[\"https:\/\/m.facebook.com\/flairlab\",\"https:\/\/www.youtube.com\/channel\/UCbwwj0xCPRUalnWlgFs3l1A\"]}]}<\/script>\n<!-- \/ Yoast SEO Premium plugin. -->","yoast_head_json":{"title":"Showbarkeeper im Video \u00bb Flair Bartending | FLAIRLAB","description":"Showbarkeeper Videos \u1405 Showeinlagen \u2713 Flair Bartending \u2713 spezielle Tricks der Profis vom FLAIRLAB Team | JETZT Videos anschauen und begeistern lassen!","robots":{"index":"index","follow":"follow","max-snippet":"max-snippet:-1","max-image-preview":"max-image-preview:large","max-video-preview":"max-video-preview:-1"},"canonical":"https:\/\/flodelmundo.svaomega.com\/?page_id=1435","og_locale":"en_US","og_type":"article","og_title":"Flairlab Video - Videos sagen mehr als Bilder !","og_description":"Flairlab Video - Videos sagen mehr als Bilder ! Click dich rein und schau Dir beeindruckende Videos vom Flairlab Showteam an.","og_url":"https:\/\/flodelmundo.svaomega.com\/?page_id=1435","og_site_name":"FLAIRLAB","article_publisher":"https:\/\/m.facebook.com\/flairlab","article_modified_time":"2025-12-23T04:32:45+00:00","og_image":[{"width":541,"height":768,"url":"https:\/\/flodelmundo.svaomega.com\/wp-content\/uploads\/2018\/05\/FormatFactoryFLAIRLAB-Becher-Turm.jpg","type":"image\/jpeg"}],"twitter_card":"summary_large_image","twitter_title":"Flairlab Video - Videos sagen mehr als Bilder !","twitter_description":"Flairlab Video - Videos sagen mehr als Bilder ! Click dich rein und schau Dir beeindruckende Videos vom Flairlab Showteam an.","twitter_image":"https:\/\/flodelmundo.svaomega.com\/wp-content\/uploads\/2018\/05\/FormatFactoryFLAIRLAB-Becher-Turm.jpg","twitter_misc":{"Est. reading time":"1 minute"},"schema":{"@context":"https:\/\/schema.org","@graph":[{"@type":"WebPage","@id":"https:\/\/flodelmundo.svaomega.com\/?page_id=1435","url":"https:\/\/flodelmundo.svaomega.com\/?page_id=1435","name":"Showbarkeeper im Video \u00bb Flair Bartending | FLAIRLAB","isPartOf":{"@id":"https:\/\/flodelmundo.svaomega.com\/#website"},"primaryImageOfPage":{"@id":"https:\/\/flodelmundo.svaomega.com\/?page_id=1435#primaryimage"},"image":{"@id":"https:\/\/flodelmundo.svaomega.com\/?page_id=1435#primaryimage"},"thumbnailUrl":"https:\/\/flodelmundo.svaomega.com\/wp-content\/uploads\/2018\/05\/FormatFactoryFLAIRLAB-Becher-Turm.jpg","datePublished":"2018-08-09T10:16:18+00:00","dateModified":"2025-12-23T04:32:45+00:00","description":"Showbarkeeper Videos \u1405 Showeinlagen \u2713 Flair Bartending \u2713 spezielle Tricks der Profis vom FLAIRLAB Team | JETZT Videos anschauen und begeistern lassen!","breadcrumb":{"@id":"https:\/\/flodelmundo.svaomega.com\/?page_id=1435#breadcrumb"},"inLanguage":"en-US","potentialAction":[{"@type":"ReadAction","target":["https:\/\/flodelmundo.svaomega.com\/?page_id=1435"]}]},{"@type":"ImageObject","inLanguage":"en-US","@id":"https:\/\/flodelmundo.svaomega.com\/?page_id=1435#primaryimage","url":"https:\/\/flodelmundo.svaomega.com\/wp-content\/uploads\/2018\/05\/FormatFactoryFLAIRLAB-Becher-Turm.jpg","contentUrl":"https:\/\/flodelmundo.svaomega.com\/wp-content\/uploads\/2018\/05\/FormatFactoryFLAIRLAB-Becher-Turm.jpg","width":541,"height":768,"caption":"Flairlab Video - Videos sagen mehr als Bilder ! Click dich rein und schau Dir beeindruckende Videos vom Flairlab Showteam an."},{"@type":"BreadcrumbList","@id":"https:\/\/flodelmundo.svaomega.com\/?page_id=1435#breadcrumb","itemListElement":[{"@type":"ListItem","position":1,"name":"Startseite","item":"https:\/\/flodelmundo.svaomega.com\/"},{"@type":"ListItem","position":2,"name":"Video"}]},{"@type":"WebSite","@id":"https:\/\/flodelmundo.svaomega.com\/#website","url":"https:\/\/flodelmundo.svaomega.com\/","name":"FLAIRLAB","description":"Cocktailshows &amp; Barcatering Berlin","publisher":{"@id":"https:\/\/flodelmundo.svaomega.com\/#organization"},"potentialAction":[{"@type":"SearchAction","target":{"@type":"EntryPoint","urlTemplate":"https:\/\/flodelmundo.svaomega.com\/?s={search_term_string}"},"query-input":{"@type":"PropertyValueSpecification","valueRequired":true,"valueName":"search_term_string"}}],"inLanguage":"en-US"},{"@type":"Organization","@id":"https:\/\/flodelmundo.svaomega.com\/#organization","name":"FLAIRLAB","url":"https:\/\/flodelmundo.svaomega.com\/","logo":{"@type":"ImageObject","inLanguage":"en-US","@id":"https:\/\/flodelmundo.svaomega.com\/#\/schema\/logo\/image\/","url":"https:\/\/flodelmundo.svaomega.com\/wp-content\/uploads\/2018\/02\/flairlab_logo_footer.png","contentUrl":"https:\/\/flodelmundo.svaomega.com\/wp-content\/uploads\/2018\/02\/flairlab_logo_footer.png","width":140,"height":94,"caption":"FLAIRLAB"},"image":{"@id":"https:\/\/flodelmundo.svaomega.com\/#\/schema\/logo\/image\/"},"sameAs":["https:\/\/m.facebook.com\/flairlab","https:\/\/www.youtube.com\/channel\/UCbwwj0xCPRUalnWlgFs3l1A"]}]}},"_links":{"self":[{"href":"https:\/\/flodelmundo.svaomega.com\/index.php?rest_route=\/wp\/v2\/pages\/1435","targetHints":{"allow":["GET"]}}],"collection":[{"href":"https:\/\/flodelmundo.svaomega.com\/index.php?rest_route=\/wp\/v2\/pages"}],"about":[{"href":"https:\/\/flodelmundo.svaomega.com\/index.php?rest_route=\/wp\/v2\/types\/page"}],"author":[{"embeddable":true,"href":"https:\/\/flodelmundo.svaomega.com\/index.php?rest_route=\/wp\/v2\/users\/3"}],"replies":[{"embeddable":true,"href":"https:\/\/flodelmundo.svaomega.com\/index.php?rest_route=%2Fwp%2Fv2%2Fcomments&post=1435"}],"version-history":[{"count":5,"href":"https:\/\/flodelmundo.svaomega.com\/index.php?rest_route=\/wp\/v2\/pages\/1435\/revisions"}],"predecessor-version":[{"id":18653,"href":"https:\/\/flodelmundo.svaomega.com\/index.php?rest_route=\/wp\/v2\/pages\/1435\/revisions\/18653"}],"wp:featuredmedia":[{"embeddable":true,"href":"https:\/\/flodelmundo.svaomega.com\/index.php?rest_route=\/wp\/v2\/media\/1268"}],"wp:attachment":[{"href":"https:\/\/flodelmundo.svaomega.com\/index.php?rest_route=%2Fwp%2Fv2%2Fmedia&parent=1435"}],"curies":[{"name":"wp","href":"https:\/\/api.w.org\/{rel}","templated":true}]}}