{"id":1404,"date":"2018-06-08T09:34:03","date_gmt":"2018-06-08T07:34:03","guid":{"rendered":"https:\/\/flodelmundo.svaomega.com\/?page_id=1404"},"modified":"2024-07-03T22:05:17","modified_gmt":"2024-07-03T20:05:17","slug":"ueber-uns","status":"publish","type":"page","link":"https:\/\/flodelmundo.svaomega.com\/?page_id=1404","title":{"rendered":"\u00dcber uns"},"content":{"rendered":"<div class=\"wpb-content-wrapper\">[vc_row full_width=&#8221;stretch_row_content&#8221; content_placement=&#8221;top&#8221; parallax=&#8221;content-moving&#8221; parallax_image=&#8221;1201&#8243;][vc_column][vc_empty_space height=&#8221;400px&#8221;][\/vc_column][\/vc_row][vc_row css=&#8221;.vc_custom_1528443933485{padding-top: 50px !important;padding-bottom: 50px !important;}&#8221;][vc_column][vc_column_text]\n<h1 style=\"text-align: center;\">\u00dcber uns<\/h1>\n[\/vc_column_text][\/vc_column][\/vc_row][vc_row][vc_column width=&#8221;1\/2&#8243;][vc_single_image image=&#8221;1401&#8243; img_size=&#8221;400&#215;400&#8243; alignment=&#8221;center&#8221; style=&#8221;vc_box_shadow_border_circle_2&#8243; onclick=&#8221;zoom&#8221;][vc_column_text css=&#8221;&#8221;]\n<h2>Hallo,<\/h2>\n<p>mein Name ist <em><strong>Florent<\/strong><\/em> und ich bin Gesch\u00e4ftsf\u00fchrer von Flairlab.\u00a0Seite mehreren Jahren bin ich in der Event-Branche als <a href=\"https:\/\/flodelmundo.svaomega.com\/showbarkeeper-cocktailshow\/\">Showbarkeeper<\/a> und Projektleiter unterwegs.<\/p>\n<p>Dabei habe ich schnell gemerkt das der Anspruch im <a href=\"https:\/\/flodelmundo.svaomega.com\/cocktailcatering-show-barkeeperservice\/\">Barcatering<\/a>-Bereich anders als die anderen liegen. Aber wie? \u00a0Entweder bekommt man einen guten Drink oder einen guten Trick.\u00a0Darum habe ich mich entschieden ein Team zusammen zustellen das die zwei wichtigsten Komponenten erfolgreich kombinieren kann &#8211; hochwertige Cocktails &amp; Entertainment.[\/vc_column_text][\/vc_column][vc_column width=&#8221;1\/2&#8243;][vc_single_image image=&#8221;1097&#8243; img_size=&#8221;400&#215;400&#8243; alignment=&#8221;center&#8221; style=&#8221;vc_box_shadow_border_circle_2&#8243; onclick=&#8221;zoom&#8221;][vc_column_text]Wir &#8230;<\/p>\n<p>sind ein Cocktail &amp; Entertainment Team aus Berlin. Wir sind f\u00fcr Firmenfeiern, private Partys, Hochzeiten und Promotions jeder Zeit f\u00fcr unsere Kunden da. Wir unterst\u00fctzen Event-Agenturen, Barcaterer, Foodcaterer, private Kunden genauso wie Firmen. Wir k\u00f6nnen spezielle Aufgaben l\u00f6sen, die man nur mit dem gewissen Knowhow richtig umsetzen kann.<\/p>\n<p>Bei FLAIRLAB steht das Gast-Erlebnis im Mittelpunkt. Als Team ist es unsere Aufgabe dem Gast einen unvergesslichen Moment zu schenken, mit einem leckeren Cocktail, einem Witz, einem Showbartending-Trick oder auch noch einem Zaubertrick. Es gibt unz\u00e4hlige Mittel einem Gast gute Laune zu vermitteln und unser Barcatering-Team und unsere K\u00fcnstler haben genau damit Erfahrung.<\/p>\n<p>Unsere Arbeitseinstellung hat uns erm\u00f6glicht die letzte 5 Jahren 100% unserer Kunden zufrieden zu stellen.<\/p>\n<h4 style=\"text-align: center;\"><\/h4>\n[\/vc_column_text][\/vc_column][\/vc_row][vc_row full_width=&#8221;stretch_row&#8221; css=&#8221;.vc_custom_1533899072414{background-color: #f2f2f2 !important;}&#8221;][vc_column][vc_column_text css=&#8221;.vc_custom_1533899236013{margin-top: 50px !important;}&#8221;]\n<h4 style=\"text-align: center;\">Noch nicht \u00dcberzeugt? Dann testen Sie uns!<\/h4>\n[\/vc_column_text][vc_raw_html]JTNDZGl2JTIwc3R5bGUlM0QlMjJtYXJnaW4lM0ElMjAwJTIwYXV0byUzQiUyMHRleHQtYWxpZ24lM0ElMjBjZW50ZXIlMjIlM0UlMEElM0NhJTIwaHJlZiUzRCUyMiUyRmtvbnRha3QtenVtLWZsYWlybGFiLXRlYW0lMkYlMjIlM0UlM0NidXR0b24lMjBzdHlsZSUzRCUyMmJhY2tncm91bmQtY29sb3IlM0ElMjAlMjMwQUJFRTklM0IlMjB0ZXh0LWFsaWduJTNBJTIwY2VudGVyJTNCJTIwY29sb3IlM0ElMjB3aGl0ZSUzQiUyMGJvcmRlciUzQSUyMG5vbmUlM0IlMjBib3JkZXItcmFkaXVzJTNBJTIwNnB4JTNCJTIwcGFkZGluZyUzQSUyMDE1cHglM0IlMjBib3gtc2hhZG93JTNBJTIwMCUyMDNweCUyMDhweCUyMDAlMjByZ2JhJTI4MCUyQzAlMkMwJTJDMC4yJTI5JTJDJTIwMCUyMDFweCUyMDkwMHB4JTIwMCUyMHJnYmElMjgwJTJDMCUyQzAlMkMwLjE5JTI5JTNCJTIyJTNFJTBBJTIwJTIwJTNDc3BhbiUyMHN0eWxlJTNEJTIyZm9udC1zaXplJTNBJTIwMjJweCUzQiUyMiUzRSUyNiUyMzE4NyUzQiUyMEpFVFpUJTIwdW52ZXJiaW5kbGljaGUlMjBBbmZyYWdlJTIwc3RlbGxlbiUyMSUzQyUyRnNwYW4lM0UlMEElM0MlMkZidXR0b24lM0UlM0MlMkZhJTNFJTNDJTJGZGl2JTNFJTBB[\/vc_raw_html][\/vc_column][\/vc_row][vc_row][vc_column][vc_column_text]\n<h3 style=\"text-align: center;\"><span style=\"font-weight: 400;\">Unserer Fokus:<\/span><\/h3>\n<p style=\"text-align: center;\"><b><br \/>\neinfache Kommunikation:<br \/>\n<\/b><span style=\"font-weight: 400;\">Wir sind multisprachig und sprechen flie\u00dfend\u00a0deutsch, englisch, franz\u00f6sisch.<br \/>\nWas vieles vereinfachen kann.<\/span><\/p>\n<p style=\"text-align: center;\"><strong>klarer Ablauf:<\/strong><br \/>\n<span style=\"font-weight: 400;\">Egal was f\u00fcr ein Event Sie auch planen, wir erstellen Ihnen einen konkreten<br \/>\nund realistischen\u00a0Veranstaltungsablauf.<\/span><\/p>\n<p style=\"text-align: center;\"><b>Freude am Gast:<br \/>\n<\/b><span style=\"font-weight: 400;\">Wir lieben was wir tun, unsere G\u00e4ste merken es.<\/span><\/p>\n<p style=\"text-align: center;\"><b>Adaptivit\u00e4t:<br \/>\n<\/b><span style=\"font-weight: 400;\">Es gibt immer unerwartete Ereignisse bei Veranstaltungen,<br \/>\nkeine Sorge es ist f\u00fcr uns eine Herrausforderung die wir gerne annehmen.<\/span>[\/vc_column_text][\/vc_column][\/vc_row][vc_row][vc_column][vc_column_text]<div class=\"rpi\" style=\"\" data-id=\"5892\" data-opts='{&quot;layout&quot;:&quot;badge&quot;,&quot;style_style&quot;:&quot;1&quot;,&quot;style_stars&quot;:&quot;1&quot;,&quot;style_ava&quot;:&quot;1&quot;,&quot;head_logo&quot;:&quot;1&quot;,&quot;style_logo&quot;:&quot;1&quot;,&quot;pagination&quot;:&quot;&quot;,&quot;text_size&quot;:&quot;&quot;,&quot;hide_avatar&quot;:&quot;&quot;,&quot;hide_name&quot;:&quot;&quot;,&quot;disable_review_time&quot;:&quot;&quot;,&quot;disable_user_link&quot;:&quot;&quot;,&quot;disable_google_link&quot;:&quot;&quot;,&quot;open_link&quot;:&quot;1&quot;,&quot;nofollow_link&quot;:&quot;1&quot;,&quot;lazy_load_img&quot;:&quot;1&quot;,&quot;time_format&quot;:&quot;&quot;,&quot;breakpoints&quot;:&quot;&quot;,&quot;reviewer_avatar_size&quot;:&quot;128&quot;,&quot;ajax_load&quot;:false,&quot;v2&quot;:false,&quot;trans&quot;:{&quot;read more&quot;:&quot;read more&quot;,&quot;review us on&quot;:&quot;review us on&quot;,&quot;See all reviews&quot;:&quot;See all reviews&quot;,&quot;More reviews&quot;:&quot;More reviews&quot;,&quot;Response from the owner&quot;:&quot;Response from the owner&quot;}}' data-exec=\"\"><div class=\"rpi-badge-cnt rpi-badge-right rpi-badge-hide\" data-opts='{&quot;badge_pos&quot;:&quot;&quot;,&quot;badge_click&quot;:&quot;sidebar&quot;,&quot;text&quot;:[]}'><div class=\"rpi-badge\" style=\"display:none\"><div class=\"rpi-badge-line\"><\/div><div class=\"rpi-badge-body rpi-flex rpi-badge-clickable\" ><img src=\"https:\/\/flodelmundo.svaomega.com\/wp-content\/uploads\/2019\/01\/Favicon.png\" loading=\"lazy\" class=\"rpi-img rplg-review-avatar\" alt=\"FLAIRLAB\" width=\"44\" height=\"44\" title=\"FLAIRLAB\" onerror=\"if(this.src!='data:image\/gif;base64,R0lGODlhAQABAIAAAAAAAP\/\/\/yH5BAEAAAAALAAAAAABAAEAAAIBRAA7')this.src='data:image\/gif;base64,R0lGODlhAQABAIAAAAAAAP\/\/\/yH5BAEAAAAALAAAAAABAAEAAAIBRAA7';\" ><div class=\"rpi-info\"><div class=\"rpi-name\">FLAIRLAB<\/div><span class=\"rpi-stars\" style=\"--rating:5.0\">5.0<\/span><div class=\"rpi-based\">Based on 232 reviews<\/div><\/div><\/div><\/div><\/div><\/div>[\/vc_column_text][\/vc_column][\/vc_row]\n<\/div>","protected":false},"excerpt":{"rendered":"<p>[vc_row full_width=&#8221;stretch_row_content&#8221; content_placement=&#8221;top&#8221; parallax=&#8221;content-moving&#8221; parallax_image=&#8221;1201&#8243;][vc_column][vc_empty_space height=&#8221;400px&#8221;][\/vc_column][\/vc_row][vc_row css=&#8221;.vc_custom_1528443933485{padding-top: 50px !important;padding-bottom: 50px !important;}&#8221;][vc_column][vc_column_text] \u00dcber uns [\/vc_column_text][\/vc_column][\/vc_row][vc_row][vc_column width=&#8221;1\/2&#8243;][vc_single_image image=&#8221;1401&#8243; img_size=&#8221;400&#215;400&#8243; alignment=&#8221;center&#8221; style=&#8221;vc_box_shadow_border_circle_2&#8243; onclick=&#8221;zoom&#8221;][vc_column_text css=&#8221;&#8221;] Hallo, mein Name ist Florent und ich bin Gesch\u00e4ftsf\u00fchrer von Flairlab.\u00a0Seite mehreren Jahren bin ich in der Event-Branche als Showbarkeeper und Projektleiter unterwegs. Dabei habe ich schnell gemerkt das der Anspruch im Barcatering-Bereich anders [&hellip;]<\/p>\n","protected":false},"author":3,"featured_media":0,"parent":0,"menu_order":0,"comment_status":"closed","ping_status":"closed","template":"","meta":{"content-type":"","footnotes":""},"class_list":["post-1404","page","type-page","status-publish","hentry"],"yoast_head":"<!-- This site is optimized with the Yoast SEO Premium plugin v27.0 (Yoast SEO v27.1.1) - https:\/\/yoast.com\/product\/yoast-seo-premium-wordpress\/ -->\n<title>Flairlab - Florent und sein internationales Cocktailteam<\/title>\n<meta name=\"description\" content=\"Flairlab - Florent und sein internationales Cocktailteam aus Berlin begeistern auf Events, Messen und privaten Feierlichkeiten aller Art.\" \/>\n<meta name=\"robots\" content=\"index, follow, max-snippet:-1, max-image-preview:large, max-video-preview:-1\" \/>\n<link rel=\"canonical\" href=\"https:\/\/flodelmundo.svaomega.com\/?page_id=1404\" \/>\n<meta property=\"og:locale\" content=\"en_US\" \/>\n<meta property=\"og:type\" content=\"article\" \/>\n<meta property=\"og:title\" content=\"Flairlab - Florent und sein internationales Cocktailteam\" \/>\n<meta property=\"og:description\" content=\"Flairlab - Florent und sein internationales Cocktailteam aus Berlin begeistern auf Events, Messen und privaten Feierlichkeiten aller Art.\" \/>\n<meta property=\"og:url\" content=\"https:\/\/flodelmundo.svaomega.com\/?page_id=1404\" \/>\n<meta property=\"og:site_name\" content=\"FLAIRLAB\" \/>\n<meta property=\"article:publisher\" content=\"https:\/\/m.facebook.com\/flairlab\" \/>\n<meta property=\"article:modified_time\" content=\"2024-07-03T20:05:17+00:00\" \/>\n<meta property=\"og:image\" content=\"https:\/\/flodelmundo.svaomega.com\/wp-content\/uploads\/2018\/06\/kontakt-.png\" \/>\n\t<meta property=\"og:image:width\" content=\"600\" \/>\n\t<meta property=\"og:image:height\" content=\"599\" \/>\n\t<meta property=\"og:image:type\" content=\"image\/png\" \/>\n<meta name=\"twitter:card\" content=\"summary_large_image\" \/>\n<meta name=\"twitter:title\" content=\"Flairlab - Florent und sein internationales Cocktailteam aus Berlin\" \/>\n<meta name=\"twitter:description\" content=\"Flairlab - Florent und sein internationales Cocktailteam aus Berlin begeistern auf Events, Messen und privaten Feierlichkeiten aller Art.\" \/>\n<meta name=\"twitter:image\" content=\"https:\/\/flodelmundo.svaomega.com\/wp-content\/uploads\/2018\/06\/kontakt-.png\" \/>\n<meta name=\"twitter:label1\" content=\"Est. reading time\" \/>\n\t<meta name=\"twitter:data1\" content=\"3 minutes\" \/>\n<script type=\"application\/ld+json\" class=\"yoast-schema-graph\">{\"@context\":\"https:\/\/schema.org\",\"@graph\":[{\"@type\":\"WebPage\",\"@id\":\"https:\/\/flodelmundo.svaomega.com\/?page_id=1404\",\"url\":\"https:\/\/flodelmundo.svaomega.com\/?page_id=1404\",\"name\":\"Flairlab - Florent und sein internationales Cocktailteam\",\"isPartOf\":{\"@id\":\"https:\/\/flodelmundo.svaomega.com\/#website\"},\"datePublished\":\"2018-06-08T07:34:03+00:00\",\"dateModified\":\"2024-07-03T20:05:17+00:00\",\"description\":\"Flairlab - Florent und sein internationales Cocktailteam aus Berlin begeistern auf Events, Messen und privaten Feierlichkeiten aller Art.\",\"breadcrumb\":{\"@id\":\"https:\/\/flodelmundo.svaomega.com\/?page_id=1404#breadcrumb\"},\"inLanguage\":\"en-US\",\"potentialAction\":[{\"@type\":\"ReadAction\",\"target\":[\"https:\/\/flodelmundo.svaomega.com\/?page_id=1404\"]}]},{\"@type\":\"BreadcrumbList\",\"@id\":\"https:\/\/flodelmundo.svaomega.com\/?page_id=1404#breadcrumb\",\"itemListElement\":[{\"@type\":\"ListItem\",\"position\":1,\"name\":\"Startseite\",\"item\":\"https:\/\/flodelmundo.svaomega.com\/\"},{\"@type\":\"ListItem\",\"position\":2,\"name\":\"\u00dcber uns\"}]},{\"@type\":\"WebSite\",\"@id\":\"https:\/\/flodelmundo.svaomega.com\/#website\",\"url\":\"https:\/\/flodelmundo.svaomega.com\/\",\"name\":\"FLAIRLAB\",\"description\":\"Cocktailshows &amp; Barcatering Berlin\",\"publisher\":{\"@id\":\"https:\/\/flodelmundo.svaomega.com\/#organization\"},\"potentialAction\":[{\"@type\":\"SearchAction\",\"target\":{\"@type\":\"EntryPoint\",\"urlTemplate\":\"https:\/\/flodelmundo.svaomega.com\/?s={search_term_string}\"},\"query-input\":{\"@type\":\"PropertyValueSpecification\",\"valueRequired\":true,\"valueName\":\"search_term_string\"}}],\"inLanguage\":\"en-US\"},{\"@type\":\"Organization\",\"@id\":\"https:\/\/flodelmundo.svaomega.com\/#organization\",\"name\":\"FLAIRLAB\",\"url\":\"https:\/\/flodelmundo.svaomega.com\/\",\"logo\":{\"@type\":\"ImageObject\",\"inLanguage\":\"en-US\",\"@id\":\"https:\/\/flodelmundo.svaomega.com\/#\/schema\/logo\/image\/\",\"url\":\"https:\/\/flodelmundo.svaomega.com\/wp-content\/uploads\/2018\/02\/flairlab_logo_footer.png\",\"contentUrl\":\"https:\/\/flodelmundo.svaomega.com\/wp-content\/uploads\/2018\/02\/flairlab_logo_footer.png\",\"width\":140,\"height\":94,\"caption\":\"FLAIRLAB\"},\"image\":{\"@id\":\"https:\/\/flodelmundo.svaomega.com\/#\/schema\/logo\/image\/\"},\"sameAs\":[\"https:\/\/m.facebook.com\/flairlab\",\"https:\/\/www.youtube.com\/channel\/UCbwwj0xCPRUalnWlgFs3l1A\"]}]}<\/script>\n<!-- \/ Yoast SEO Premium plugin. -->","yoast_head_json":{"title":"Flairlab - Florent und sein internationales Cocktailteam","description":"Flairlab - Florent und sein internationales Cocktailteam aus Berlin begeistern auf Events, Messen und privaten Feierlichkeiten aller Art.","robots":{"index":"index","follow":"follow","max-snippet":"max-snippet:-1","max-image-preview":"max-image-preview:large","max-video-preview":"max-video-preview:-1"},"canonical":"https:\/\/flodelmundo.svaomega.com\/?page_id=1404","og_locale":"en_US","og_type":"article","og_title":"Flairlab - Florent und sein internationales Cocktailteam","og_description":"Flairlab - Florent und sein internationales Cocktailteam aus Berlin begeistern auf Events, Messen und privaten Feierlichkeiten aller Art.","og_url":"https:\/\/flodelmundo.svaomega.com\/?page_id=1404","og_site_name":"FLAIRLAB","article_publisher":"https:\/\/m.facebook.com\/flairlab","article_modified_time":"2024-07-03T20:05:17+00:00","og_image":[{"width":600,"height":599,"url":"https:\/\/flodelmundo.svaomega.com\/wp-content\/uploads\/2018\/06\/kontakt-.png","type":"image\/png"}],"twitter_card":"summary_large_image","twitter_title":"Flairlab - Florent und sein internationales Cocktailteam aus Berlin","twitter_description":"Flairlab - Florent und sein internationales Cocktailteam aus Berlin begeistern auf Events, Messen und privaten Feierlichkeiten aller Art.","twitter_image":"https:\/\/flodelmundo.svaomega.com\/wp-content\/uploads\/2018\/06\/kontakt-.png","twitter_misc":{"Est. reading time":"3 minutes"},"schema":{"@context":"https:\/\/schema.org","@graph":[{"@type":"WebPage","@id":"https:\/\/flodelmundo.svaomega.com\/?page_id=1404","url":"https:\/\/flodelmundo.svaomega.com\/?page_id=1404","name":"Flairlab - Florent und sein internationales Cocktailteam","isPartOf":{"@id":"https:\/\/flodelmundo.svaomega.com\/#website"},"datePublished":"2018-06-08T07:34:03+00:00","dateModified":"2024-07-03T20:05:17+00:00","description":"Flairlab - Florent und sein internationales Cocktailteam aus Berlin begeistern auf Events, Messen und privaten Feierlichkeiten aller Art.","breadcrumb":{"@id":"https:\/\/flodelmundo.svaomega.com\/?page_id=1404#breadcrumb"},"inLanguage":"en-US","potentialAction":[{"@type":"ReadAction","target":["https:\/\/flodelmundo.svaomega.com\/?page_id=1404"]}]},{"@type":"BreadcrumbList","@id":"https:\/\/flodelmundo.svaomega.com\/?page_id=1404#breadcrumb","itemListElement":[{"@type":"ListItem","position":1,"name":"Startseite","item":"https:\/\/flodelmundo.svaomega.com\/"},{"@type":"ListItem","position":2,"name":"\u00dcber uns"}]},{"@type":"WebSite","@id":"https:\/\/flodelmundo.svaomega.com\/#website","url":"https:\/\/flodelmundo.svaomega.com\/","name":"FLAIRLAB","description":"Cocktailshows &amp; Barcatering Berlin","publisher":{"@id":"https:\/\/flodelmundo.svaomega.com\/#organization"},"potentialAction":[{"@type":"SearchAction","target":{"@type":"EntryPoint","urlTemplate":"https:\/\/flodelmundo.svaomega.com\/?s={search_term_string}"},"query-input":{"@type":"PropertyValueSpecification","valueRequired":true,"valueName":"search_term_string"}}],"inLanguage":"en-US"},{"@type":"Organization","@id":"https:\/\/flodelmundo.svaomega.com\/#organization","name":"FLAIRLAB","url":"https:\/\/flodelmundo.svaomega.com\/","logo":{"@type":"ImageObject","inLanguage":"en-US","@id":"https:\/\/flodelmundo.svaomega.com\/#\/schema\/logo\/image\/","url":"https:\/\/flodelmundo.svaomega.com\/wp-content\/uploads\/2018\/02\/flairlab_logo_footer.png","contentUrl":"https:\/\/flodelmundo.svaomega.com\/wp-content\/uploads\/2018\/02\/flairlab_logo_footer.png","width":140,"height":94,"caption":"FLAIRLAB"},"image":{"@id":"https:\/\/flodelmundo.svaomega.com\/#\/schema\/logo\/image\/"},"sameAs":["https:\/\/m.facebook.com\/flairlab","https:\/\/www.youtube.com\/channel\/UCbwwj0xCPRUalnWlgFs3l1A"]}]}},"_links":{"self":[{"href":"https:\/\/flodelmundo.svaomega.com\/index.php?rest_route=\/wp\/v2\/pages\/1404","targetHints":{"allow":["GET"]}}],"collection":[{"href":"https:\/\/flodelmundo.svaomega.com\/index.php?rest_route=\/wp\/v2\/pages"}],"about":[{"href":"https:\/\/flodelmundo.svaomega.com\/index.php?rest_route=\/wp\/v2\/types\/page"}],"author":[{"embeddable":true,"href":"https:\/\/flodelmundo.svaomega.com\/index.php?rest_route=\/wp\/v2\/users\/3"}],"replies":[{"embeddable":true,"href":"https:\/\/flodelmundo.svaomega.com\/index.php?rest_route=%2Fwp%2Fv2%2Fcomments&post=1404"}],"version-history":[{"count":0,"href":"https:\/\/flodelmundo.svaomega.com\/index.php?rest_route=\/wp\/v2\/pages\/1404\/revisions"}],"wp:attachment":[{"href":"https:\/\/flodelmundo.svaomega.com\/index.php?rest_route=%2Fwp%2Fv2%2Fmedia&parent=1404"}],"curies":[{"name":"wp","href":"https:\/\/api.w.org\/{rel}","templated":true}]}}