{"id":139,"date":"2018-02-22T11:19:31","date_gmt":"2018-02-22T10:19:31","guid":{"rendered":"https:\/\/flodelmundo.svaomega.com\/?page_id=139"},"modified":"2023-02-23T09:48:46","modified_gmt":"2023-02-23T08:48:46","slug":"cocktailshow","status":"publish","type":"page","link":"https:\/\/flodelmundo.svaomega.com\/?page_id=139","title":{"rendered":"Cocktailshow"},"content":{"rendered":"<div class=\"wpb-content-wrapper\">[vc_row full_width=&#8221;stretch_row_content_no_spaces&#8221; equal_height=&#8221;yes&#8221; content_placement=&#8221;bottom&#8221; parallax=&#8221;content-moving&#8221; parallax_image=&#8221;1265&#8243; parallax_speed_bg=&#8221;2&#8243;][vc_column][vc_empty_space height=&#8221;300px&#8221;][\/vc_column][\/vc_row][vc_row][vc_column][vc_column_text]\n<h1 style=\"text-align: center;\">Cocktailshow buchen in Berlin<\/h1>\n[\/vc_column_text][\/vc_column][\/vc_row][vc_row css=&#8221;.vc_custom_1550903287578{padding-bottom: 30px !important;}&#8221;][vc_column][vc_column_text]\n<p class=\"p1\"><span class=\"s1\">W\u00e4hrend unserer Cocktailshow fliegen nicht nur Flaschen durch die Luft, sondern auch <strong>Shaker und Eisw\u00fcrfel und im Zweifelsfall sogar Feuer<\/strong>! Ein besonderes Highlight sind unsere sogenannten Molekularshows, bei denen wir mit den Aggregatzust\u00e4nden verschiedener Komponenten unserer Cocktails spielen.<\/span><\/p>\n<p class=\"p1\"><span class=\"s1\">Mit viel Leidenschaft &amp; Entertainment bekommt die Cocktailshow bei uns eine ganz neue Bedeutung!<\/span><\/p>\n<p class=\"p1\"><span class=\"s1\"><strong>Jede Cocktailshow k\u00f6nnen Sie ganz individuell &amp; flexibel an Ihr Event anpassen<\/strong>, egal ob Sie uns nun als Bar-Opener oder kr\u00f6nendes Highlight f\u00fcr Ihren Abend buchen. Auch die L\u00e4nge der Show ist immer variabel. Alle Show-Varianten m\u00f6chten wir Ihnen jetzt einmal genauer vorstellen:<\/span><\/p>\n[\/vc_column_text][\/vc_column][\/vc_row][vc_row full_width=&#8221;stretch_row&#8221; content_placement=&#8221;middle&#8221; css=&#8221;.vc_custom_1550904102720{background-color: #f2f2f2 !important;}&#8221;][vc_column width=&#8221;1\/2&#8243;][vc_column_text]\n<h2 style=\"text-align: center;\"><em>&#8220;Solo Cocktailshow&#8221;<\/em><\/h2>\n<p>Eine Solo Cocktailshow eignet sich als perfekter Bar-Opener f\u00fcr Ihr Event. Egal f\u00fcr welchen Anlass: \u00a0<strong>Firmenfeiern, Geburtstage, Hochzeiten &amp; Co.<\/strong> Unsere Solo Cocktailshow k\u00f6nnen Sie selbstverst\u00e4ndlich auf Ihr Partythema anpassen. Das Besondere an den Flairlab Cocktailshows: Wir sind Entertainer! <strong>Wir integrieren die Menschen in unsere Show<\/strong> und erschaffen dadurch eine einzigartige Stimmung.[\/vc_column_text][\/vc_column][vc_column width=&#8221;1\/2&#8243;][vc_video link=&#8221;https:\/\/www.youtube.com\/watch?v=HV7tG4CpYxw&#8221; el_width=&#8221;90&#8243; align=&#8221;center&#8221;][\/vc_column][\/vc_row][vc_row full_width=&#8221;stretch_row&#8221; content_placement=&#8221;middle&#8221; css=&#8221;.vc_custom_1550915064637{background-color: #ffffff !important;}&#8221;][vc_column][vc_column_text]\n<h2 style=\"text-align: center;\">Tandem Cocktailshows<\/h2>\n[\/vc_column_text][\/vc_column][\/vc_row][vc_row full_width=&#8221;stretch_row&#8221; content_placement=&#8221;middle&#8221; css=&#8221;.vc_custom_1550915081364{background-color: #ffffff !important;}&#8221;][vc_column width=&#8221;1\/2&#8243;][vc_column_text]\n<h3 style=\"text-align: center;\"><em>&#8220;Flair Gentlemen&#8221;<\/em><\/h3>\n<p>Begleitet von Electro Swing Musik bringen wir mit unserer Show <em>Flair Gentlemen<\/em> <strong>die 50er-Jahre zur\u00fcck in die Gegenwart<\/strong>. Dabei wirbeln wir gekonnt die Flaschen durch die Luft und b\u00e4ndigen T\u00fcrme aus Gl\u00e4sern.\u00a0<strong>Performed wird nat\u00fcrlich mit echten Glasflaschen<\/strong> wie z.B. bei unserem Highlight, dem sich drehenden Turm aus J\u00e4germeister-Flaschen.\u00a0Diese Cocktailshow <strong>eignet sich besonders gut f\u00fcr Galas &amp; Gro\u00dfevents<\/strong>.[\/vc_column_text][\/vc_column][vc_column width=&#8221;1\/2&#8243;][vc_video link=&#8221;https:\/\/www.youtube.com\/watch?v=CqZNAojIU1s&#8221; el_width=&#8221;90&#8243; align=&#8221;center&#8221;][\/vc_column][\/vc_row][vc_row full_width=&#8221;stretch_row&#8221; content_placement=&#8221;middle&#8221; css=&#8221;.vc_custom_1550913683082{background-color: #f2f2f2 !important;}&#8221;][vc_column width=&#8221;1\/2&#8243;][vc_column_text]\n<h3 style=\"text-align: center;\"><em>&#8220;Cocktail Brothers&#8221;<\/em><\/h3>\n<p>Wer kennt sie nicht, die Bluesbrothers? Was einst als Gag entstand, gipfelte schnell in Erfolg und unglaublicher Begeisterung. Ganz nach diesem Vorbild entstanden vor einigen Jahren die Cocktail-Brothers:<\/p>\n<p>Zwei Herren, die Wert auf das legen was ihnen am meisten Spa\u00df macht: die Arbeit hinter, neben und vor dem Tresen. Diese Cocktailshow fasziniert das Publikum mit <strong>Jonglage, Synchron-Artistik &amp; Feuer-Einsatz!<\/strong> Unser <a href=\"\/showbarkeeper-mieten\/\">Showbarkeeper<\/a> Florent ist Teil des Teams![\/vc_column_text][\/vc_column][vc_column width=&#8221;1\/2&#8243;][vc_video link=&#8221;https:\/\/youtu.be\/83rgIkgYiUk&#8221; el_width=&#8221;90&#8243; align=&#8221;center&#8221;][\/vc_column][\/vc_row][vc_row full_width=&#8221;stretch_row&#8221; content_placement=&#8221;middle&#8221; css=&#8221;.vc_custom_1550913694389{background-color: #ffffff !important;}&#8221;][vc_column width=&#8221;1\/2&#8243;][vc_column_text]\n<h3 style=\"text-align: center;\"><em>&#8220;Cocktail der Zukunft&#8221;<\/em><\/h3>\n<p>Diese Tandem Cocktailshow entf\u00fchrt Sie in eine andere Welt!\u00a0<span style=\"font-weight: 400;\">Zwei Chemiker wollen <strong>den Cocktail der Zukunft erforschen<\/strong>. Doch was passiert, als sie diesen Cocktail probieren..?<\/span><\/p>\n<p><span style=\"font-weight: 400;\">Mit futuristischen <strong>LED-Anz\u00fcgen, Molekular Cocktails und leuchtenden Flaschen<\/strong> verzaubern wir Ihr Publikum. W\u00e4hrend der Show wird der Raum komplett abgedunkelt, dazu gibt es passende elektronische Musik.<\/span>[\/vc_column_text][\/vc_column][vc_column width=&#8221;1\/2&#8243;][vc_single_image image=&#8221;1443&#8243; img_size=&#8221;504&#215;315&#8243; alignment=&#8221;center&#8221;][\/vc_column][\/vc_row][vc_row full_width=&#8221;stretch_row&#8221; css=&#8221;.vc_custom_1550914013511{margin-top: 30px !important;background-color: #f2f2f2 !important;}&#8221;][vc_column][vc_column_text]\n<h2 style=\"text-align: center;\">Cocktailshow buchen bei <span class=\"flairblk\">FLAIR<span class=\"flairblue\">LAB<\/span><\/span><\/h2>\n<p>Buchen Sie jetzt eine unserer vielseitigen Cocktailshows und verzaubern Sie mit uns Ihre G\u00e4ste. Ob Party-Highlight oder Bar-Opener, <strong>wir passen uns Ihren W\u00fcnschen an und machen Ihre Feier zu einem unvergesslichen Erlebnis!<\/strong> Senden Sie uns einfach eine unverbindliche Anfrage \u00fcber das Formular oder rufen Sie uns einfach an:[\/vc_column_text][vc_raw_html]JTNDZGl2JTIwc3R5bGUlM0QlMjJtYXJnaW4lM0ElMjAwJTIwYXV0byUzQiUyMHRleHQtYWxpZ24lM0ElMjBjZW50ZXIlMjIlM0UlMEElM0NhJTIwaHJlZiUzRCUyMiUyRmtvbnRha3QtenVtLWZsYWlybGFiLXRlYW0lMkYlMjIlM0UlM0NidXR0b24lMjBzdHlsZSUzRCUyMmJhY2tncm91bmQtY29sb3IlM0ElMjAlMjMwQUJFRTklM0IlMjB0ZXh0LWFsaWduJTNBJTIwY2VudGVyJTNCJTIwY29sb3IlM0ElMjB3aGl0ZSUzQiUyMGJvcmRlciUzQSUyMG5vbmUlM0IlMjBib3JkZXItcmFkaXVzJTNBJTIwNnB4JTNCJTIwcGFkZGluZyUzQSUyMDE1cHglM0IlMjBib3gtc2hhZG93JTNBJTIwMCUyMDNweCUyMDhweCUyMDAlMjByZ2JhJTI4MCUyQzAlMkMwJTJDMC4yJTI5JTJDJTIwMCUyMDFweCUyMDkwMHB4JTIwMCUyMHJnYmElMjgwJTJDMCUyQzAlMkMwLjE5JTI5JTNCJTIyJTNFJTBBJTIwJTIwJTNDc3BhbiUyMHN0eWxlJTNEJTIyZm9udC1zaXplJTNBJTIwMjJweCUzQiUyMiUzRSUyNiUyMzE4NyUzQiUyMEpFVFpUJTIwdW52ZXJiaW5kbGljaGUlMjBBbmZyYWdlJTIwc3RlbGxlbiUyMSUzQyUyRnNwYW4lM0UlMEElM0MlMkZidXR0b24lM0UlM0MlMkZhJTNFJTNDJTJGZGl2JTNF[\/vc_raw_html][\/vc_column][\/vc_row][vc_row][vc_column][vc_text_separator title=&#8221;Kundenbewertunge&#8221; i_icon_fontawesome=&#8221;fa fa-comment&#8221; i_color=&#8221;sky&#8221; color=&#8221;sky&#8221; add_icon=&#8221;true&#8221;][vc_column_text]<div class=\"rpi\" style=\"\" data-id=\"5837\" data-opts='{&quot;layout&quot;:&quot;grid&quot;,&quot;style_style&quot;:&quot;1&quot;,&quot;style_stars&quot;:&quot;1&quot;,&quot;style_ava&quot;:&quot;1&quot;,&quot;head_logo&quot;:&quot;1&quot;,&quot;style_logo&quot;:&quot;1&quot;,&quot;pagination&quot;:&quot;&quot;,&quot;text_size&quot;:&quot;&quot;,&quot;hide_avatar&quot;:&quot;&quot;,&quot;hide_name&quot;:&quot;&quot;,&quot;disable_review_time&quot;:&quot;&quot;,&quot;disable_user_link&quot;:&quot;&quot;,&quot;disable_google_link&quot;:false,&quot;open_link&quot;:&quot;1&quot;,&quot;nofollow_link&quot;:&quot;1&quot;,&quot;lazy_load_img&quot;:&quot;1&quot;,&quot;time_format&quot;:&quot;&quot;,&quot;breakpoints&quot;:&quot;&quot;,&quot;reviewer_avatar_size&quot;:&quot;56&quot;,&quot;ajax_load&quot;:false,&quot;v2&quot;:false,&quot;trans&quot;:{&quot;read more&quot;:&quot;read more&quot;,&quot;review us on&quot;:&quot;review us on&quot;,&quot;See all reviews&quot;:&quot;See all reviews&quot;,&quot;More reviews&quot;:&quot;More reviews&quot;,&quot;Response from the owner&quot;:&quot;Response from the owner&quot;}}' data-exec=\"\"><div class=\"rpi-cnt rpi-col-m rpi-grid rpi-sh\" data-opts='' style=\"visibility:var(--visible, hidden)\" ><div class=\"rpi-header rpi-header_top\"><div class=\"rpi-cards\"><div class=\"rpi-card rpi-card_block\" data-provider=\"google\"><div class=\"rpi-card-inner rpi-flexwrap\"><span class=\"rpi-logos\"><span class=\"rpi-logo rpi-logo-google\"><\/span><\/span><div class=\"rpi-flex\"><div class=\"rpi-img-wrap\"><img src=\"https:\/\/flodelmundo.svaomega.com\/wp-content\/uploads\/2019\/01\/Favicon.png\" class=\"rpi-img\" loading=\"lazy\" width=\"56\" height=\"56\" alt=\"\" onerror=\"if(this.src!='')this.src='';\"><\/div><div class=\"rpi-info\"><div class=\"rpi-scale\">Excellent<\/div><a href=\"https:\/\/flodelmundo.svaomega.com\/kundenbewertung\/\" class=\"rpi-name\" target=\"_blank\" rel=\"noopener nofollow\" aria-label=\"FLAIRLAB - summary business\">FLAIRLAB<\/a><span class=\"rpi-stars\" style=\"--rating:5.0\">5.0<\/span><div class=\"rpi-based\">Based on 232 reviews<\/div><\/div><\/div><div class=\"rpi-slider-btn\"><div class=\"rpi-review_us rpi-clickable\"><a href=\"https:\/\/search.google.com\/local\/reviews?placeid=ChIJF8NFtiRQqEcRn4nCKXNnUKs\" target=\"_blank\" rel=\"noopener\">See all reviews<\/a><\/div><div class=\"rpi-review_us rpi-clickable\"><a href=\"https:\/\/search.google.com\/local\/writereview?placeid=ChIJF8NFtiRQqEcRn4nCKXNnUKs\" class=\"rpi-logo_after rpi-logo-google\" target=\"_blank\" rel=\"noopener\" onclick=\"rpi.Utils.popup('https:\/\/search.google.com\/local\/writereview?placeid=ChIJF8NFtiRQqEcRn4nCKXNnUKs', 800, 600)\">review us on<\/a><\/div><\/div><\/div><\/div><\/div><\/div><\/div><script>(function(p){if(!p)return;let w=p.offsetWidth,m=function(a,b){return Math.min(a,b)===a};p.querySelector('.rpi-cnt').classList.replace('rpi-col-m','rpi-col-'+(m(w,510)?'xs':m(w,750)?'x':m(w,1050)?'s':m(w,1450)?'m':m(w,1800)?'l':'xl'))})(document.currentScript?.parentElement)<\/script><\/div>[\/vc_column_text][\/vc_column][\/vc_row][vc_row][vc_column][vc_separator][vc_column_text]\n<h3 style=\"text-align: center;\">Noch nicht \u00fcberzeugt?<\/h3>\n<p style=\"text-align: center;\">Hier k\u00f6nnen Sie sich weitere <a href=\"\/kundenbewertung\/\"><span style=\"color: #0abee9;\">\u00bbKundenbewertungen<\/span><\/a> ansehen!<\/p>\n[\/vc_column_text][vc_empty_space height=&#8221;20px&#8221;][\/vc_column][\/vc_row]\n<\/div>","protected":false},"excerpt":{"rendered":"<p>[vc_row full_width=&#8221;stretch_row_content_no_spaces&#8221; equal_height=&#8221;yes&#8221; content_placement=&#8221;bottom&#8221; parallax=&#8221;content-moving&#8221; parallax_image=&#8221;1265&#8243; parallax_speed_bg=&#8221;2&#8243;][vc_column][vc_empty_space height=&#8221;300px&#8221;][\/vc_column][\/vc_row][vc_row][vc_column][vc_column_text] Cocktailshow buchen in Berlin [\/vc_column_text][\/vc_column][\/vc_row][vc_row css=&#8221;.vc_custom_1550903287578{padding-bottom: 30px !important;}&#8221;][vc_column][vc_column_text] W\u00e4hrend unserer Cocktailshow fliegen nicht nur Flaschen durch die Luft, sondern auch Shaker und Eisw\u00fcrfel und im Zweifelsfall sogar Feuer! Ein besonderes Highlight sind unsere sogenannten Molekularshows, bei denen wir mit den Aggregatzust\u00e4nden verschiedener Komponenten unserer Cocktails spielen. Mit [&hellip;]<\/p>\n","protected":false},"author":3,"featured_media":1265,"parent":0,"menu_order":0,"comment_status":"closed","ping_status":"closed","template":"","meta":{"content-type":"","footnotes":""},"class_list":["post-139","page","type-page","status-publish","has-post-thumbnail","hentry"],"yoast_head":"<!-- This site is optimized with the Yoast SEO Premium plugin v27.0 (Yoast SEO v27.1.1) - https:\/\/yoast.com\/product\/yoast-seo-premium-wordpress\/ -->\n<title>Cocktailshow buchen in Berlin And Deutschland | FLAIRLAB<\/title>\n<meta name=\"description\" content=\"Cocktailshow buchen \u1405 F\u00fcr Events, Firmenfeiern &amp; Hochzeiten \u2713 Individuelle Show f\u00fcr Ihre Veranstaltung \u2713 in Berlin &amp; ganz Deutschland \u2705 JETZT buchen!\" \/>\n<meta name=\"robots\" content=\"index, follow, max-snippet:-1, max-image-preview:large, max-video-preview:-1\" \/>\n<link rel=\"canonical\" href=\"https:\/\/flodelmundo.svaomega.com\/?page_id=139\" \/>\n<meta property=\"og:locale\" content=\"en_US\" \/>\n<meta property=\"og:type\" content=\"article\" \/>\n<meta property=\"og:title\" content=\"Cocktailshow\" \/>\n<meta property=\"og:description\" content=\"Cocktailshow buchen - die Showbarkeeper aus Berlin vom Team Flairlab sind f\u00fcr Sie auf Events und Veranstaltungen unterwegs in ganz Deutschland.\" \/>\n<meta property=\"og:url\" content=\"https:\/\/flodelmundo.svaomega.com\/?page_id=139\" \/>\n<meta property=\"og:site_name\" content=\"FLAIRLAB\" \/>\n<meta property=\"article:publisher\" content=\"https:\/\/m.facebook.com\/flairlab\" \/>\n<meta property=\"article:modified_time\" content=\"2023-02-23T08:48:46+00:00\" \/>\n<meta property=\"og:image\" content=\"https:\/\/flodelmundo.svaomega.com\/wp-content\/uploads\/2018\/05\/AWP_3930.jpg\" \/>\n\t<meta property=\"og:image:width\" content=\"2000\" \/>\n\t<meta property=\"og:image:height\" content=\"1335\" \/>\n\t<meta property=\"og:image:type\" content=\"image\/jpeg\" \/>\n<meta name=\"twitter:card\" content=\"summary_large_image\" \/>\n<meta name=\"twitter:description\" content=\"Cocktailshow buchen - die Showbarkeeper aus Berlin vom Team Flairlab sind f\u00fcr Sie auf Events und Veranstaltungen unterwegs in ganz Deutschland.\" \/>\n<meta name=\"twitter:image\" content=\"https:\/\/flodelmundo.svaomega.com\/wp-content\/uploads\/2018\/05\/AWP_3930.jpg\" \/>\n<meta name=\"twitter:label1\" content=\"Est. reading time\" \/>\n\t<meta name=\"twitter:data1\" content=\"4 minutes\" \/>\n<script type=\"application\/ld+json\" class=\"yoast-schema-graph\">{\"@context\":\"https:\/\/schema.org\",\"@graph\":[{\"@type\":\"WebPage\",\"@id\":\"https:\/\/flodelmundo.svaomega.com\/?page_id=139\",\"url\":\"https:\/\/flodelmundo.svaomega.com\/?page_id=139\",\"name\":\"Cocktailshow buchen in Berlin And Deutschland | FLAIRLAB\",\"isPartOf\":{\"@id\":\"https:\/\/flodelmundo.svaomega.com\/#website\"},\"primaryImageOfPage\":{\"@id\":\"https:\/\/flodelmundo.svaomega.com\/?page_id=139#primaryimage\"},\"image\":{\"@id\":\"https:\/\/flodelmundo.svaomega.com\/?page_id=139#primaryimage\"},\"thumbnailUrl\":\"https:\/\/flodelmundo.svaomega.com\/wp-content\/uploads\/2018\/05\/AWP_3930.jpg\",\"datePublished\":\"2018-02-22T10:19:31+00:00\",\"dateModified\":\"2023-02-23T08:48:46+00:00\",\"description\":\"Cocktailshow buchen \u1405 F\u00fcr Events, Firmenfeiern & Hochzeiten \u2713 Individuelle Show f\u00fcr Ihre Veranstaltung \u2713 in Berlin & ganz Deutschland \u2705 JETZT buchen!\",\"breadcrumb\":{\"@id\":\"https:\/\/flodelmundo.svaomega.com\/?page_id=139#breadcrumb\"},\"inLanguage\":\"en-US\",\"potentialAction\":[{\"@type\":\"ReadAction\",\"target\":[\"https:\/\/flodelmundo.svaomega.com\/?page_id=139\"]}]},{\"@type\":\"ImageObject\",\"inLanguage\":\"en-US\",\"@id\":\"https:\/\/flodelmundo.svaomega.com\/?page_id=139#primaryimage\",\"url\":\"https:\/\/flodelmundo.svaomega.com\/wp-content\/uploads\/2018\/05\/AWP_3930.jpg\",\"contentUrl\":\"https:\/\/flodelmundo.svaomega.com\/wp-content\/uploads\/2018\/05\/AWP_3930.jpg\",\"width\":2000,\"height\":1335,\"caption\":\"Cocktailshow buchen - die Showbarkeeper aus Berlin vom Team Flairlab sind f\u00fcr Sie auf Events und Veranstaltungen unterwegs in ganz Deutschland.\"},{\"@type\":\"BreadcrumbList\",\"@id\":\"https:\/\/flodelmundo.svaomega.com\/?page_id=139#breadcrumb\",\"itemListElement\":[{\"@type\":\"ListItem\",\"position\":1,\"name\":\"Startseite\",\"item\":\"https:\/\/flodelmundo.svaomega.com\/\"},{\"@type\":\"ListItem\",\"position\":2,\"name\":\"Cocktailshow\"}]},{\"@type\":\"WebSite\",\"@id\":\"https:\/\/flodelmundo.svaomega.com\/#website\",\"url\":\"https:\/\/flodelmundo.svaomega.com\/\",\"name\":\"FLAIRLAB\",\"description\":\"Cocktailshows &amp; Barcatering Berlin\",\"publisher\":{\"@id\":\"https:\/\/flodelmundo.svaomega.com\/#organization\"},\"potentialAction\":[{\"@type\":\"SearchAction\",\"target\":{\"@type\":\"EntryPoint\",\"urlTemplate\":\"https:\/\/flodelmundo.svaomega.com\/?s={search_term_string}\"},\"query-input\":{\"@type\":\"PropertyValueSpecification\",\"valueRequired\":true,\"valueName\":\"search_term_string\"}}],\"inLanguage\":\"en-US\"},{\"@type\":\"Organization\",\"@id\":\"https:\/\/flodelmundo.svaomega.com\/#organization\",\"name\":\"FLAIRLAB\",\"url\":\"https:\/\/flodelmundo.svaomega.com\/\",\"logo\":{\"@type\":\"ImageObject\",\"inLanguage\":\"en-US\",\"@id\":\"https:\/\/flodelmundo.svaomega.com\/#\/schema\/logo\/image\/\",\"url\":\"https:\/\/flodelmundo.svaomega.com\/wp-content\/uploads\/2018\/02\/flairlab_logo_footer.png\",\"contentUrl\":\"https:\/\/flodelmundo.svaomega.com\/wp-content\/uploads\/2018\/02\/flairlab_logo_footer.png\",\"width\":140,\"height\":94,\"caption\":\"FLAIRLAB\"},\"image\":{\"@id\":\"https:\/\/flodelmundo.svaomega.com\/#\/schema\/logo\/image\/\"},\"sameAs\":[\"https:\/\/m.facebook.com\/flairlab\",\"https:\/\/www.youtube.com\/channel\/UCbwwj0xCPRUalnWlgFs3l1A\"]}]}<\/script>\n<!-- \/ Yoast SEO Premium plugin. -->","yoast_head_json":{"title":"Cocktailshow buchen in Berlin And Deutschland | FLAIRLAB","description":"Cocktailshow buchen \u1405 F\u00fcr Events, Firmenfeiern & Hochzeiten \u2713 Individuelle Show f\u00fcr Ihre Veranstaltung \u2713 in Berlin & ganz Deutschland \u2705 JETZT buchen!","robots":{"index":"index","follow":"follow","max-snippet":"max-snippet:-1","max-image-preview":"max-image-preview:large","max-video-preview":"max-video-preview:-1"},"canonical":"https:\/\/flodelmundo.svaomega.com\/?page_id=139","og_locale":"en_US","og_type":"article","og_title":"Cocktailshow","og_description":"Cocktailshow buchen - die Showbarkeeper aus Berlin vom Team Flairlab sind f\u00fcr Sie auf Events und Veranstaltungen unterwegs in ganz Deutschland.","og_url":"https:\/\/flodelmundo.svaomega.com\/?page_id=139","og_site_name":"FLAIRLAB","article_publisher":"https:\/\/m.facebook.com\/flairlab","article_modified_time":"2023-02-23T08:48:46+00:00","og_image":[{"width":2000,"height":1335,"url":"https:\/\/flodelmundo.svaomega.com\/wp-content\/uploads\/2018\/05\/AWP_3930.jpg","type":"image\/jpeg"}],"twitter_card":"summary_large_image","twitter_description":"Cocktailshow buchen - die Showbarkeeper aus Berlin vom Team Flairlab sind f\u00fcr Sie auf Events und Veranstaltungen unterwegs in ganz Deutschland.","twitter_image":"https:\/\/flodelmundo.svaomega.com\/wp-content\/uploads\/2018\/05\/AWP_3930.jpg","twitter_misc":{"Est. reading time":"4 minutes"},"schema":{"@context":"https:\/\/schema.org","@graph":[{"@type":"WebPage","@id":"https:\/\/flodelmundo.svaomega.com\/?page_id=139","url":"https:\/\/flodelmundo.svaomega.com\/?page_id=139","name":"Cocktailshow buchen in Berlin And Deutschland | FLAIRLAB","isPartOf":{"@id":"https:\/\/flodelmundo.svaomega.com\/#website"},"primaryImageOfPage":{"@id":"https:\/\/flodelmundo.svaomega.com\/?page_id=139#primaryimage"},"image":{"@id":"https:\/\/flodelmundo.svaomega.com\/?page_id=139#primaryimage"},"thumbnailUrl":"https:\/\/flodelmundo.svaomega.com\/wp-content\/uploads\/2018\/05\/AWP_3930.jpg","datePublished":"2018-02-22T10:19:31+00:00","dateModified":"2023-02-23T08:48:46+00:00","description":"Cocktailshow buchen \u1405 F\u00fcr Events, Firmenfeiern & Hochzeiten \u2713 Individuelle Show f\u00fcr Ihre Veranstaltung \u2713 in Berlin & ganz Deutschland \u2705 JETZT buchen!","breadcrumb":{"@id":"https:\/\/flodelmundo.svaomega.com\/?page_id=139#breadcrumb"},"inLanguage":"en-US","potentialAction":[{"@type":"ReadAction","target":["https:\/\/flodelmundo.svaomega.com\/?page_id=139"]}]},{"@type":"ImageObject","inLanguage":"en-US","@id":"https:\/\/flodelmundo.svaomega.com\/?page_id=139#primaryimage","url":"https:\/\/flodelmundo.svaomega.com\/wp-content\/uploads\/2018\/05\/AWP_3930.jpg","contentUrl":"https:\/\/flodelmundo.svaomega.com\/wp-content\/uploads\/2018\/05\/AWP_3930.jpg","width":2000,"height":1335,"caption":"Cocktailshow buchen - die Showbarkeeper aus Berlin vom Team Flairlab sind f\u00fcr Sie auf Events und Veranstaltungen unterwegs in ganz Deutschland."},{"@type":"BreadcrumbList","@id":"https:\/\/flodelmundo.svaomega.com\/?page_id=139#breadcrumb","itemListElement":[{"@type":"ListItem","position":1,"name":"Startseite","item":"https:\/\/flodelmundo.svaomega.com\/"},{"@type":"ListItem","position":2,"name":"Cocktailshow"}]},{"@type":"WebSite","@id":"https:\/\/flodelmundo.svaomega.com\/#website","url":"https:\/\/flodelmundo.svaomega.com\/","name":"FLAIRLAB","description":"Cocktailshows &amp; Barcatering Berlin","publisher":{"@id":"https:\/\/flodelmundo.svaomega.com\/#organization"},"potentialAction":[{"@type":"SearchAction","target":{"@type":"EntryPoint","urlTemplate":"https:\/\/flodelmundo.svaomega.com\/?s={search_term_string}"},"query-input":{"@type":"PropertyValueSpecification","valueRequired":true,"valueName":"search_term_string"}}],"inLanguage":"en-US"},{"@type":"Organization","@id":"https:\/\/flodelmundo.svaomega.com\/#organization","name":"FLAIRLAB","url":"https:\/\/flodelmundo.svaomega.com\/","logo":{"@type":"ImageObject","inLanguage":"en-US","@id":"https:\/\/flodelmundo.svaomega.com\/#\/schema\/logo\/image\/","url":"https:\/\/flodelmundo.svaomega.com\/wp-content\/uploads\/2018\/02\/flairlab_logo_footer.png","contentUrl":"https:\/\/flodelmundo.svaomega.com\/wp-content\/uploads\/2018\/02\/flairlab_logo_footer.png","width":140,"height":94,"caption":"FLAIRLAB"},"image":{"@id":"https:\/\/flodelmundo.svaomega.com\/#\/schema\/logo\/image\/"},"sameAs":["https:\/\/m.facebook.com\/flairlab","https:\/\/www.youtube.com\/channel\/UCbwwj0xCPRUalnWlgFs3l1A"]}]}},"_links":{"self":[{"href":"https:\/\/flodelmundo.svaomega.com\/index.php?rest_route=\/wp\/v2\/pages\/139","targetHints":{"allow":["GET"]}}],"collection":[{"href":"https:\/\/flodelmundo.svaomega.com\/index.php?rest_route=\/wp\/v2\/pages"}],"about":[{"href":"https:\/\/flodelmundo.svaomega.com\/index.php?rest_route=\/wp\/v2\/types\/page"}],"author":[{"embeddable":true,"href":"https:\/\/flodelmundo.svaomega.com\/index.php?rest_route=\/wp\/v2\/users\/3"}],"replies":[{"embeddable":true,"href":"https:\/\/flodelmundo.svaomega.com\/index.php?rest_route=%2Fwp%2Fv2%2Fcomments&post=139"}],"version-history":[{"count":0,"href":"https:\/\/flodelmundo.svaomega.com\/index.php?rest_route=\/wp\/v2\/pages\/139\/revisions"}],"wp:featuredmedia":[{"embeddable":true,"href":"https:\/\/flodelmundo.svaomega.com\/index.php?rest_route=\/wp\/v2\/media\/1265"}],"wp:attachment":[{"href":"https:\/\/flodelmundo.svaomega.com\/index.php?rest_route=%2Fwp%2Fv2%2Fmedia&parent=139"}],"curies":[{"name":"wp","href":"https:\/\/api.w.org\/{rel}","templated":true}]}}